{"id":35,"date":"2013-12-11T19:23:46","date_gmt":"2013-12-11T17:23:46","guid":{"rendered":"http:\/\/spedition-sauerwein.de\/?page_id=35"},"modified":"2024-01-19T13:05:35","modified_gmt":"2024-01-19T13:05:35","slug":"getraenkehandel","status":"publish","type":"page","link":"https:\/\/spedition-sauerwein.de\/?page_id=35","title":{"rendered":"Getr\u00e4nkehandel"},"content":{"rendered":"<div class=\"style-444 style-local-35-c1 position-relative\" data-colibri-id=\"35-c1\">\n<div id=\"overlappable\" class=\"h-section h-section-global-spacing d-flex align-items-lg-center align-items-md-center align-items-center style-449 style-local-35-c2 position-relative\" data-colibri-component=\"section\" data-colibri-id=\"35-c2\">\n<div class=\"h-section-grid-container h-section-boxed-container\">\n<div class=\"h-row-container gutters-row-lg-0 gutters-row-md-0 gutters-row-2 gutters-row-v-lg-0 gutters-row-v-md-0 gutters-row-v-2 style-450 style-local-35-c3 position-relative\" data-colibri-id=\"35-c3\">\n<div class=\"h-row justify-content-lg-center justify-content-md-center justify-content-center align-items-lg-stretch align-items-md-stretch align-items-stretch gutters-col-lg-0 gutters-col-md-0 gutters-col-2 gutters-col-v-lg-0 gutters-col-v-md-0 gutters-col-v-2\">\n<div class=\"h-column h-column-container d-flex h-col-lg-4 h-col-md-4 h-col-12 style-451-outer style-local-35-c4-outer\">\n<div class=\"d-flex h-flex-basis h-column__inner h-px-lg-3 h-px-md-3 h-px-2 v-inner-lg-3 v-inner-md-3 v-inner-2 style-451 style-local-35-c4 position-relative\" data-colibri-id=\"35-c4\">\n<div class=\"w-100 h-y-container h-column__content h-column__v-align flex-basis-100 align-self-lg-start align-self-md-start align-self-start\">\n<div class=\"h-icon style-452 style-local-35-c5 position-relative h-element\" data-colibri-id=\"35-c5\"><span class=\"h-svg-icon h-icon__icon style-452-icon style-local-35-c5-icon\"><!--Icon by Font Awesome (https:\/\/fontawesome.com)--><\/span><\/div>\n<div class=\"h-global-transition-all h-heading style-453 style-local-35-c6 position-relative h-element\" data-colibri-id=\"35-c6\">\n<div class=\"h-heading__outer style-453 style-local-35-c6\">\n<h5 class=\"\">Lieferservice<\/h5>\n<\/div>\n<\/div>\n<div class=\"h-text h-text-component style-454 style-local-35-c7 position-relative h-element\" data-colibri-id=\"35-c7\">\n<div class=\"\">\n\nf\u00fcr Gastronomiekunden!\n\nRufen Sie uns einfach an, wir freuen uns \u00fcber Ihre Anfrage!\n\n&nbsp;\n\n&nbsp;\n\n<\/div>\n<\/div>\n<\/div>\n<\/div>\n<\/div>\n<div class=\"h-column h-column-container d-flex h-col-lg-4 h-col-md-4 h-col-12 style-451-outer style-local-35-c8-outer\">\n<div class=\"d-flex h-flex-basis h-column__inner h-px-lg-3 h-px-md-3 h-px-2 v-inner-lg-3 v-inner-md-3 v-inner-2 style-451 style-local-35-c8 position-relative\" data-colibri-id=\"35-c8\">\n<div class=\"w-100 h-y-container h-column__content h-column__v-align flex-basis-100 align-self-lg-start align-self-md-start align-self-start\">\n<div class=\"h-icon style-452 style-local-35-c9 position-relative h-element\" data-colibri-id=\"35-c9\"><span class=\"h-svg-icon h-icon__icon style-452-icon style-local-35-c9-icon\"><!--Icon by Font Awesome (https:\/\/fontawesome.com)--><\/span><\/div>\n<div class=\"h-global-transition-all h-heading style-453 style-local-35-c10 position-relative h-element\" data-colibri-id=\"35-c10\">\n<div class=\"h-heading__outer style-453 style-local-35-c10\">\n<h5 class=\"\">Abholmarkt<\/h5>\n<\/div>\n<\/div>\n<div class=\"h-text h-text-component style-454 style-local-35-c11 position-relative h-element\" data-colibri-id=\"35-c11\">\n<div class=\"\">\n\nNat\u00fcrlich k\u00f6nnen Sie Ihre Getr\u00e4nke auch einfach bei uns abholen. Wir laden Ihnen die Getr\u00e4nke direkt in den Kofferraum!\n\nMo- Freitag: 08:00 &#8211; 13:30 &amp;\u00a0 14:30 &#8211; 18:00 Uhr\n\n&nbsp;\n\n&nbsp;\n\n<\/div>\n<\/div>\n<\/div>\n<\/div>\n<\/div>\n<div class=\"h-column h-column-container d-flex h-col-lg-4 h-col-md-4 h-col-12 style-451-outer style-local-35-c12-outer\">\n<div class=\"d-flex h-flex-basis h-column__inner h-px-lg-3 h-px-md-3 h-px-2 v-inner-lg-3 v-inner-md-3 v-inner-2 style-451 style-local-35-c12 position-relative\" data-colibri-id=\"35-c12\">\n<div class=\"w-100 h-y-container h-column__content h-column__v-align flex-basis-100 align-self-lg-start align-self-md-start align-self-start\">\n<div class=\"h-icon style-452 style-local-35-c13 position-relative h-element\" data-colibri-id=\"35-c13\"><span class=\"h-svg-icon h-icon__icon style-452-icon style-local-35-c13-icon\"><!--Icon by Icons8 Line Awesome (https:\/\/icons8.com\/line-awesome)--><\/span><\/div>\n<div class=\"h-global-transition-all h-heading style-453 style-local-35-c14 position-relative h-element\" data-colibri-id=\"35-c14\">\n<div class=\"h-heading__outer style-453 style-local-35-c14\">\n<h5 class=\"\">Fest- und Partygesch\u00e4ft<\/h5>\n<\/div>\n<\/div>\n<div class=\"h-text h-text-component style-454 style-local-35-c15 position-relative h-element\" data-colibri-id=\"35-c15\">\n<div class=\"\">\n\nF\u00fcr ihre Feier stehen bei uns verschiedenste K\u00fchl- und Ausschankwagen bereit. Auch Festmobiliar wie Stehtische, Tische und B\u00e4nke k\u00f6nnen bei uns gemietet werden!\n\nAnfragen gerne telefonisch oder auch per Email!\n\n&nbsp;\n\n&nbsp;\n\n<\/div>\n<\/div>\n<\/div>\n<\/div>\n<\/div>\n<\/div>\n<\/div>\n<\/div>\n<\/div>\n<\/div>","protected":false},"excerpt":{"rendered":"<p>Lieferservice f\u00fcr Gastronomiekunden! Rufen Sie uns einfach an, wir freuen uns \u00fcber Ihre Anfrage! &nbsp; &nbsp; Abholmarkt Nat\u00fcrlich k\u00f6nnen Sie Ihre Getr\u00e4nke auch einfach bei uns abholen. Wir laden Ihnen die Getr\u00e4nke direkt in den Kofferraum! Mo- Freitag: 08:00 &#8211; 13:30 &amp;\u00a0 14:30 &#8211; 18:00 Uhr &nbsp; &nbsp; Fest- und Partygesch\u00e4ft F\u00fcr ihre Feier stehen [&hellip;]<\/p>\n","protected":false},"author":1,"featured_media":0,"parent":0,"menu_order":0,"comment_status":"closed","ping_status":"closed","template":"page-templates\/full-width-page.php","meta":{"footnotes":""},"class_list":["post-35","page","type-page","status-publish","hentry"],"_links":{"self":[{"href":"https:\/\/spedition-sauerwein.de\/index.php?rest_route=\/wp\/v2\/pages\/35","targetHints":{"allow":["GET"]}}],"collection":[{"href":"https:\/\/spedition-sauerwein.de\/index.php?rest_route=\/wp\/v2\/pages"}],"about":[{"href":"https:\/\/spedition-sauerwein.de\/index.php?rest_route=\/wp\/v2\/types\/page"}],"author":[{"embeddable":true,"href":"https:\/\/spedition-sauerwein.de\/index.php?rest_route=\/wp\/v2\/users\/1"}],"replies":[{"embeddable":true,"href":"https:\/\/spedition-sauerwein.de\/index.php?rest_route=%2Fwp%2Fv2%2Fcomments&post=35"}],"version-history":[{"count":12,"href":"https:\/\/spedition-sauerwein.de\/index.php?rest_route=\/wp\/v2\/pages\/35\/revisions"}],"predecessor-version":[{"id":785,"href":"https:\/\/spedition-sauerwein.de\/index.php?rest_route=\/wp\/v2\/pages\/35\/revisions\/785"}],"wp:attachment":[{"href":"https:\/\/spedition-sauerwein.de\/index.php?rest_route=%2Fwp%2Fv2%2Fmedia&parent=35"}],"curies":[{"name":"wp","href":"https:\/\/api.w.org\/{rel}","templated":true}]}}