{"id":356,"date":"2020-10-14T15:04:56","date_gmt":"2020-10-14T15:04:56","guid":{"rendered":"http:\/\/spedition-sauerwein.de\/?page_id=356"},"modified":"2024-01-19T13:01:56","modified_gmt":"2024-01-19T13:01:56","slug":"colibri-wp","status":"publish","type":"page","link":"https:\/\/spedition-sauerwein.de\/","title":{"rendered":"Front Page"},"content":{"rendered":"<div data-colibri-id=\"356-c1\" class=\"style-189 style-local-356-c1 position-relative\">\r\n  <!---->\r\n  <div data-colibri-component=\"section\" data-colibri-id=\"356-c2\" id=\"overlappable\" class=\"h-section h-section-global-spacing d-flex align-items-lg-center align-items-md-center align-items-center style-190 style-local-356-c2 position-relative\">\r\n    <!---->\r\n    <!---->\r\n    <div class=\"h-section-grid-container h-section-boxed-container\">\r\n      <!---->\r\n      <div data-colibri-id=\"356-c3\" class=\"h-row-container gutters-row-lg-0 gutters-row-md-0 gutters-row-2 gutters-row-v-lg-2 gutters-row-v-md-2 gutters-row-v-2 style-191 style-local-356-c3 position-relative\">\r\n        <!---->\r\n        <div class=\"h-row justify-content-lg-center justify-content-md-center justify-content-center align-items-lg-start align-items-md-start align-items-start gutters-col-lg-0 gutters-col-md-0 gutters-col-2 gutters-col-v-lg-2 gutters-col-v-md-2 gutters-col-v-2\">\r\n          <!---->\r\n          <div class=\"h-column h-column-container d-flex h-col-lg-4 h-col-md-4 h-col-12 align-self-lg-start align-self-md-start align-self-start style-192-outer style-local-356-c4-outer\">\r\n            <div data-colibri-id=\"356-c4\" class=\"d-flex h-flex-basis h-column__inner h-px-lg-3 h-px-md-3 h-px-2 v-inner-lg-3 v-inner-md-3 v-inner-2 style-192 style-local-356-c4 position-relative\">\r\n              <!---->\r\n              <!---->\r\n              <div class=\"w-100 h-y-container h-column__content h-column__v-align flex-basis-100 align-self-lg-center align-self-md-center align-self-center\">\r\n                <!---->\r\n                <div data-colibri-id=\"356-c5\" class=\"h-icon style-193 style-local-356-c5 position-relative h-element\">\r\n                  <!---->\r\n                  <a href=\"http:\/\/spedition-sauerwein.de\/?page_id=30\" h-use-smooth-scroll=\"true\"><span class=\"h-svg-icon h-icon__icon style-193-icon style-local-356-c5-icon\"><!--Icon by Font Awesome (https:\/\/fontawesome.com)--><svg version=\"1.1\" xmlns=\"http:\/\/www.w3.org\/2000\/svg\" xmlns:xlink=\"http:\/\/www.w3.org\/1999\/xlink\" id=\"truck\" viewBox=\"0 0 1792 1896.0833\"><path d=\"M640 1408q0-52-38-90t-90-38-90 38-38 90 38 90 90 38 90-38 38-90zM256 896h384V640H482q-13 0-22 9L265 844q-9 9-9 22v30zm1280 512q0-52-38-90t-90-38-90 38-38 90 38 90 90 38 90-38 38-90zm256-1088v1024q0 15-4 26.5t-13.5 18.5-16.5 11.5-23.5 6-22.5 2-25.5 0-22.5-.5q0 106-75 181t-181 75-181-75-75-181H768q0 106-75 181t-181 75-181-75-75-181h-64q-3 0-22.5.5t-25.5 0-22.5-2-23.5-6-16.5-11.5-13.5-18.5-4-26.5q0-26 19-45t45-19V960q0-8-.5-35t0-38 2.5-34.5 6.5-37 14-30.5 22.5-30l198-198q19-19 50.5-32t58.5-13h160V320q0-26 19-45t45-19h1024q26 0 45 19t19 45z\"><\/path><\/svg><\/span><\/a>\r\n                <\/div>\r\n                <div data-colibri-id=\"356-c6\" class=\"h-global-transition-all h-heading style-194 style-local-356-c6 position-relative h-element\">\r\n                  <!---->\r\n                  <div class=\"h-heading__outer style-194 style-local-356-c6\">\r\n                    <!---->\r\n                    <!---->\r\n                    <h5 class=\"\">Internationale Spedition<\/h5>\r\n                  <\/div>\r\n                <\/div>\r\n                <div data-colibri-id=\"356-c7\" class=\"h-text h-text-component style-195 style-local-356-c7 position-relative h-element\">\r\n                  <!---->\r\n                  <!---->\r\n                  <div class=\"\">\r\n                    <p>Alle Informationen zu unserer Spedition finden Sie hier:\r\n                      <br>\r\n                    <\/p>\r\n                  <\/div>\r\n                <\/div>\r\n              <\/div>\r\n            <\/div>\r\n          <\/div>\r\n          <div class=\"h-column h-column-container d-flex h-col-lg-4 h-col-md-4 h-col-12 align-self-lg-start align-self-md-start align-self-start style-192-outer style-local-356-c8-outer\">\r\n            <div data-colibri-id=\"356-c8\" class=\"d-flex h-flex-basis h-column__inner h-px-lg-3 h-px-md-3 h-px-2 v-inner-lg-3 v-inner-md-3 v-inner-2 style-192 style-local-356-c8 position-relative\">\r\n              <!---->\r\n              <!---->\r\n              <div class=\"w-100 h-y-container h-column__content h-column__v-align flex-basis-100 align-self-lg-center align-self-md-center align-self-center\">\r\n                <!---->\r\n                <div data-colibri-id=\"356-c9\" class=\"h-icon style-193 style-local-356-c9 position-relative h-element\">\r\n                  <!---->\r\n                  <a href=\"http:\/\/spedition-sauerwein.de\/?page_id=35\" h-use-smooth-scroll=\"true\"><span class=\"h-svg-icon h-icon__icon style-193-icon style-local-356-c9-icon\"><!--Icon by Icons8 Line Awesome (https:\/\/icons8.com\/line-awesome)--><svg version=\"1.1\" xmlns=\"http:\/\/www.w3.org\/2000\/svg\" xmlns:xlink=\"http:\/\/www.w3.org\/1999\/xlink\" id=\"beer\" viewBox=\"0 0 512 545.5\"><path d=\"M216 96c17.53 0 32.58 7.58 45 18 3.633-.735 6.896-2 11-2 11.965 0 22.486 4.277 32 10 9.514-5.723 20.035-10 32-10 35.157 0 64 28.843 64 64 0 15.947-6.233 30.254-16 41.5.053.48.096 1.266.096 1.75s-.043 1.27-.096 1.75v19h16c26.32 0 48 21.68 48 48v64c0 26.32-21.68 48-48 48h-16v32c0 26.32-21.68 48-48 48H144c-26.32 0-48-21.68-48-48V224c.007-1.567.455-4.03 1-5.5-10.317-11.377-17-26.054-17-42.5 0-35.157 28.843-64 64-64 8.11 0 14.856 3.725 22 6.5 13.034-13.17 30.063-22.5 50-22.5zm0 32c-13.61 0-25.23 6.664-32.5 17l-9 12.5-13-8c-5.104-3.342-11.025-5.5-17.5-5.5-17.866 0-32 14.134-32 32s14.134 32 32 32c9.094 0 17.135-3.92 23-10l10.5-11 11.5 10.5c7.236 6.585 16.66 10.5 27 10.5 1.338 0 5.85-.935 9.5-2.5s6.5-3 6.5-3l24-15V216c0 22.283-4.81 39.063-9 52s-7 21.658-7 28c0 13.453 10.547 24 24 24s24-10.547 24-24c0-6.342-2.805-14.592-7-27.5s-9-30.066-9-52.5v-21.5l20.5 6s25.775 7.5 43.5 7.5c17.866 0 32-14.134 32-32s-14.134-32-32-32c-8.207 0-15.676 3.256-21.5 8.5L304 162l-10.5-9.5c-5.824-5.244-13.293-8.5-21.5-8.5-3.032 0-5.914.842-9.5 2l-10 3-7-7.5c-7.42-8.185-17.742-13.5-29.5-13.5zm-37 100c-10.194 6.886-21.82 12-35 12-5.506 0-10.89-1.172-16-2.5V432c0 9.04 6.96 16 16 16h192c9.04 0 16-6.96 16-16v-44.5c-.185-.888-.334-2.344-.334-3.25s.15-2.362.334-3.25V260.5c-.398-1.28-.72-3.41-.72-4.75s.323-3.47.72-4.75v-13.5c-5.11 1.328-10.494 2.5-16 2.5-14.128 0-18.78-2.128-29-4.5 1.35 7.608 1.938 16.654 4 23 3.805 11.708 9 22.977 9 37.5 0 30.74-25.26 56-56 56s-56-25.26-56-56c0-14.523 5.19-25.736 9-37.5 1.745-5.388 1.712-13.327 3-19.5-1.534.163-2.34 1-4 1-13.838 0-26.08-5.206-37-12zm205 44v96h16c9.04 0 16-6.96 16-16v-64c0-9.04-6.96-16-16-16h-16z\"><\/path><\/svg><\/span><\/a>\r\n                <\/div>\r\n                <div data-colibri-id=\"356-c10\" class=\"h-global-transition-all h-heading style-194 style-local-356-c10 position-relative h-element\">\r\n                  <!---->\r\n                  <div class=\"h-heading__outer style-194 style-local-356-c10\">\r\n                    <!---->\r\n                    <!---->\r\n                    <h5 class=\"\">Getr\u00e4nkehandel<\/h5>\r\n                  <\/div>\r\n                <\/div>\r\n                <div data-colibri-id=\"356-c11\" class=\"h-text h-text-component style-195 style-local-356-c11 position-relative h-element\">\r\n                  <!---->\r\n                  <!---->\r\n                  <div class=\"\">\r\n                    <p>Informieren Sie sich hier \u00fcber unsere Dienstleistungen f\u00fcr Privat- und Gastronomiekunden:<\/p>\r\n                  <\/div>\r\n                <\/div>\r\n              <\/div>\r\n            <\/div>\r\n          <\/div>\r\n          <div class=\"h-column h-column-container d-flex h-col-lg-4 h-col-md-4 h-col-12 align-self-lg-start align-self-md-start align-self-start style-192-outer style-local-356-c12-outer\">\r\n            <div data-colibri-id=\"356-c12\" class=\"d-flex h-flex-basis h-column__inner h-px-lg-3 h-px-md-3 h-px-2 v-inner-lg-3 v-inner-md-3 v-inner-2 style-192 style-local-356-c12 position-relative\">\r\n              <!---->\r\n              <!---->\r\n              <div class=\"w-100 h-y-container h-column__content h-column__v-align flex-basis-100 align-self-lg-center align-self-md-center align-self-center\">\r\n                <!---->\r\n                <div data-colibri-id=\"356-c13\" class=\"h-icon style-193 style-local-356-c13 position-relative h-element\">\r\n                  <!---->\r\n                  <a href=\"http:\/\/spedition-sauerwein.de\/?page_id=82\" h-use-smooth-scroll=\"true\"><span class=\"h-svg-icon h-icon__icon style-193-icon style-local-356-c13-icon\"><!--Icon by Font Awesome (https:\/\/fontawesome.com)--><svg version=\"1.1\" xmlns=\"http:\/\/www.w3.org\/2000\/svg\" xmlns:xlink=\"http:\/\/www.w3.org\/1999\/xlink\" id=\"th\" viewBox=\"0 0 1792 1896.0833\"><path d=\"M512 1248v192q0 40-28 68t-68 28H96q-40 0-68-28t-28-68v-192q0-40 28-68t68-28h320q40 0 68 28t28 68zm0-512v192q0 40-28 68t-68 28H96q-40 0-68-28T0 928V736q0-40 28-68t68-28h320q40 0 68 28t28 68zm640 512v192q0 40-28 68t-68 28H736q-40 0-68-28t-28-68v-192q0-40 28-68t68-28h320q40 0 68 28t28 68zM512 224v192q0 40-28 68t-68 28H96q-40 0-68-28T0 416V224q0-40 28-68t68-28h320q40 0 68 28t28 68zm640 512v192q0 40-28 68t-68 28H736q-40 0-68-28t-28-68V736q0-40 28-68t68-28h320q40 0 68 28t28 68zm640 512v192q0 40-28 68t-68 28h-320q-40 0-68-28t-28-68v-192q0-40 28-68t68-28h320q40 0 68 28t28 68zM1152 224v192q0 40-28 68t-68 28H736q-40 0-68-28t-28-68V224q0-40 28-68t68-28h320q40 0 68 28t28 68zm640 512v192q0 40-28 68t-68 28h-320q-40 0-68-28t-28-68V736q0-40 28-68t68-28h320q40 0 68 28t28 68zm0-512v192q0 40-28 68t-68 28h-320q-40 0-68-28t-28-68V224q0-40 28-68t68-28h320q40 0 68 28t28 68z\"><\/path><\/svg><\/span><\/a>\r\n                <\/div>\r\n                <div data-colibri-id=\"356-c14\" class=\"h-global-transition-all h-heading style-194 style-local-356-c14 position-relative h-element\">\r\n                  <!---->\r\n                  <div class=\"h-heading__outer style-194 style-local-356-c14\">\r\n                    <!---->\r\n                    <!---->\r\n                    <h5 class=\"\">sauerwein Group<\/h5>\r\n                  <\/div>\r\n                <\/div>\r\n                <div data-colibri-id=\"356-c15\" class=\"h-text h-text-component style-195 style-local-356-c15 position-relative h-element\">\r\n                  <!---->\r\n                  <!---->\r\n                  <div class=\"\">\r\n                    <p>Hier finden Sie alle Informationen zu unserer Firmengruppe:<\/p>\r\n                  <\/div>\r\n                <\/div>\r\n              <\/div>\r\n            <\/div>\r\n          <\/div>\r\n        <\/div>\r\n      <\/div>\r\n    <\/div>\r\n  <\/div>\r\n<\/div>","protected":false},"excerpt":{"rendered":"<p>Internationale Spedition Alle Informationen zu unserer Spedition finden Sie hier: Getr\u00e4nkehandel Informieren Sie sich hier \u00fcber unsere Dienstleistungen f\u00fcr Privat- und Gastronomiekunden: sauerwein Group Hier finden Sie alle Informationen zu unserer Firmengruppe:<\/p>\n","protected":false},"author":1,"featured_media":0,"parent":0,"menu_order":0,"comment_status":"closed","ping_status":"closed","template":"page-templates\/homepage.php","meta":{"footnotes":""},"class_list":["post-356","page","type-page","status-publish","hentry"],"_links":{"self":[{"href":"https:\/\/spedition-sauerwein.de\/index.php?rest_route=\/wp\/v2\/pages\/356","targetHints":{"allow":["GET"]}}],"collection":[{"href":"https:\/\/spedition-sauerwein.de\/index.php?rest_route=\/wp\/v2\/pages"}],"about":[{"href":"https:\/\/spedition-sauerwein.de\/index.php?rest_route=\/wp\/v2\/types\/page"}],"author":[{"embeddable":true,"href":"https:\/\/spedition-sauerwein.de\/index.php?rest_route=\/wp\/v2\/users\/1"}],"replies":[{"embeddable":true,"href":"https:\/\/spedition-sauerwein.de\/index.php?rest_route=%2Fwp%2Fv2%2Fcomments&post=356"}],"version-history":[{"count":14,"href":"https:\/\/spedition-sauerwein.de\/index.php?rest_route=\/wp\/v2\/pages\/356\/revisions"}],"predecessor-version":[{"id":767,"href":"https:\/\/spedition-sauerwein.de\/index.php?rest_route=\/wp\/v2\/pages\/356\/revisions\/767"}],"wp:attachment":[{"href":"https:\/\/spedition-sauerwein.de\/index.php?rest_route=%2Fwp%2Fv2%2Fmedia&parent=356"}],"curies":[{"name":"wp","href":"https:\/\/api.w.org\/{rel}","templated":true}]}}